{"id":35121,"date":"2021-02-09T18:04:10","date_gmt":"2021-02-09T23:04:10","guid":{"rendered":"https:\/\/pgedemo.innovatebyday.ca\/2021-home\/"},"modified":"2021-03-12T10:11:40","modified_gmt":"2021-03-12T15:11:40","slug":"2021-home","status":"publish","type":"page","link":"https:\/\/pgedemo.innovatebyday.ca\/fr\/","title":{"rendered":"Home"},"content":{"rendered":"<div id=\"pl-35121\"  class=\"panel-layout\" ><div id=\"pg-35121-0\"  class=\"panel-grid panel-has-style\" ><div class=\"featured panel-row-style panel-row-style-for-35121-0\" ><div id=\"pgc-35121-0-0\"  class=\"panel-grid-cell\" ><div id=\"panel-35121-0-0-0\" class=\"so-panel widget widget_sow-image panel-first-child\" data-index=\"0\" ><div\n\t\t\t\n\t\t\tclass=\"so-widget-sow-image so-widget-sow-image-default-4b231843ec72-35121\"\n\t\t\t\n\t\t>\n\n<div class=\"sow-image-container\">\n\t\t<img decoding=\"async\" src=\"https:\/\/pgedemo.innovatebyday.ca\/wp-content\/uploads\/2021\/03\/OLG_BBCAN_Feature_Image_FR_REV.jpg\" width=\"1200\" height=\"500\" srcset=\"https:\/\/pgedemo.innovatebyday.ca\/wp-content\/uploads\/2021\/03\/OLG_BBCAN_Feature_Image_FR_REV.jpg 1200w, https:\/\/pgedemo.innovatebyday.ca\/wp-content\/uploads\/2021\/03\/OLG_BBCAN_Feature_Image_FR_REV-300x125.jpg 300w, https:\/\/pgedemo.innovatebyday.ca\/wp-content\/uploads\/2021\/03\/OLG_BBCAN_Feature_Image_FR_REV-1024x427.jpg 1024w, https:\/\/pgedemo.innovatebyday.ca\/wp-content\/uploads\/2021\/03\/OLG_BBCAN_Feature_Image_FR_REV-768x320.jpg 768w\" sizes=\"auto, (max-width: 1200px) 100vw, 1200px\" alt=\"\" loading=\"lazy\" \t\tclass=\"so-widget-image\"\/>\n\t<\/div>\n\n<\/div><\/div><div id=\"panel-35121-0-0-1\" class=\"so-panel widget widget_sow-editor panel-last-child\" data-index=\"1\" ><div class=\"promo_text panel-widget-style panel-widget-style-for-35121-0-0-1\" ><div\n\t\t\t\n\t\t\tclass=\"so-widget-sow-editor so-widget-sow-editor-base\"\n\t\t\t\n\t\t>\n<div class=\"siteorigin-widget-tinymce textwidget\">\n\t<p>Faites des pr\u00e9dictions pour courir la chance de gagner.<\/p>\n<\/div>\n<\/div><\/div><\/div><\/div><\/div><\/div><div id=\"pg-35121-1\"  class=\"panel-grid panel-has-style\" ><div class=\"dark panel-row-style panel-row-style-for-35121-1\" ><div id=\"pgc-35121-1-0\"  class=\"panel-grid-cell\" ><div class=\"dark_left panel-cell-style panel-cell-style-for-35121-1-0\" ><div id=\"panel-35121-1-0-0\" class=\"so-panel widget widget_sow-editor panel-first-child\" data-index=\"2\" ><div\n\t\t\t\n\t\t\tclass=\"so-widget-sow-editor so-widget-sow-editor-base\"\n\t\t\t\n\t\t>\n<div class=\"siteorigin-widget-tinymce textwidget\">\n\t<h1>Pr\u00e9diction des deux derniers participants et pr\u00e9dictions hebdomadaires<\/h1>\n<\/div>\n<\/div><\/div><div id=\"panel-35121-1-0-1\" class=\"so-panel widget widget_sow-editor\" data-index=\"3\" ><div\n\t\t\t\n\t\t\tclass=\"so-widget-sow-editor so-widget-sow-editor-base\"\n\t\t\t\n\t\t>\n<div class=\"siteorigin-widget-tinymce textwidget\">\n\t<p><span style=\"font-weight: 400;\">Faites vos choix pour les deux derniers participants et pour le gagnant et f<\/span>aites des pr\u00e9dictions sur ce qui se passera dans l\u2019\u00e9pisode de la semaine prochaine pour tenter de gagner des prix hebdomadaires et des grands prix incroyables d\u2019OLG.<\/p>\n<\/div>\n<\/div><\/div><div id=\"panel-35121-1-0-2\" class=\"so-panel widget widget_sow-button\" data-index=\"4\" ><div class=\"logged-in-play panel-widget-style panel-widget-style-for-35121-1-0-2\" ><div\n\t\t\t\n\t\t\tclass=\"so-widget-sow-button so-widget-sow-button-atom-5c8faa648dfe-35121\"\n\t\t\t\n\t\t><div class=\"ow-button-base ow-button-align-left\">\n\t<a href=\"\/fr\/jouer\/\" class=\"ow-icon-placement-left ow-button-hover\" \t\t>\n\t\t<span>\n\t\t\t\n\t\t\tJOUER\t\t<\/span>\n\t<\/a>\n<\/div>\n<\/div><\/div><\/div><div id=\"panel-35121-1-0-3\" class=\"so-panel widget widget_sow-button panel-last-child\" data-index=\"5\" ><div class=\"login-to-play panel-widget-style panel-widget-style-for-35121-1-0-3\" ><div\n\t\t\t\n\t\t\tclass=\"so-widget-sow-button so-widget-sow-button-atom-5c8faa648dfe-35121\"\n\t\t\t\n\t\t><div class=\"ow-button-base ow-button-align-left\">\n\t<a href=\"\/fr\/login-register\/\" class=\"ow-icon-placement-left ow-button-hover\" \t\t>\n\t\t<span>\n\t\t\t\n\t\t\tCONNECTEZ-VOUS POUR JOUER\t\t<\/span>\n\t<\/a>\n<\/div>\n<\/div><\/div><\/div><\/div><\/div><div id=\"pgc-35121-1-1\"  class=\"panel-grid-cell\" ><div id=\"panel-35121-1-1-0\" class=\"so-panel widget widget_sow-image panel-first-child panel-last-child\" data-index=\"6\" ><div\n\t\t\t\n\t\t\tclass=\"so-widget-sow-image so-widget-sow-image-default-d6014b76747a-35121\"\n\t\t\t\n\t\t>\n\n<div class=\"sow-image-container\">\n\t\t<img decoding=\"async\" src=\"https:\/\/pgedemo.innovatebyday.ca\/wp-content\/uploads\/2020\/02\/men-s-white-button-up-dress-shirt-708440.jpg\" width=\"601\" height=\"463\" srcset=\"https:\/\/pgedemo.innovatebyday.ca\/wp-content\/uploads\/2020\/02\/men-s-white-button-up-dress-shirt-708440.jpg 601w, https:\/\/pgedemo.innovatebyday.ca\/wp-content\/uploads\/2020\/02\/men-s-white-button-up-dress-shirt-708440-300x231.jpg 300w\" sizes=\"auto, (max-width: 601px) 100vw, 601px\" alt=\"\" loading=\"lazy\" \t\tclass=\"so-widget-image\"\/>\n\t<\/div>\n\n<\/div><\/div><\/div><\/div><\/div><\/div>","protected":false},"excerpt":{"rendered":"<p>Faites des pr\u00e9dictions pour courir la chance de gagner. Pr\u00e9diction des deux derniers participants et pr\u00e9dictions hebdomadaires Faites vos choix pour les deux derniers participants et pour le gagnant et faites des pr\u00e9dictions sur ce qui se passera dans l\u2019\u00e9pisode de la semaine prochaine pour tenter de gagner des prix hebdomadaires et des grands prix [&hellip;]<\/p>\n","protected":false},"author":3427,"featured_media":0,"parent":0,"menu_order":0,"comment_status":"closed","ping_status":"closed","template":"page-home.php","meta":{"footnotes":""},"class_list":["post-35121","page","type-page","status-publish","hentry"],"acf":[],"_links":{"self":[{"href":"https:\/\/pgedemo.innovatebyday.ca\/fr\/wp-json\/wp\/v2\/pages\/35121","targetHints":{"allow":["GET"]}}],"collection":[{"href":"https:\/\/pgedemo.innovatebyday.ca\/fr\/wp-json\/wp\/v2\/pages"}],"about":[{"href":"https:\/\/pgedemo.innovatebyday.ca\/fr\/wp-json\/wp\/v2\/types\/page"}],"author":[{"embeddable":true,"href":"https:\/\/pgedemo.innovatebyday.ca\/fr\/wp-json\/wp\/v2\/users\/3427"}],"replies":[{"embeddable":true,"href":"https:\/\/pgedemo.innovatebyday.ca\/fr\/wp-json\/wp\/v2\/comments?post=35121"}],"version-history":[{"count":16,"href":"https:\/\/pgedemo.innovatebyday.ca\/fr\/wp-json\/wp\/v2\/pages\/35121\/revisions"}],"predecessor-version":[{"id":46517,"href":"https:\/\/pgedemo.innovatebyday.ca\/fr\/wp-json\/wp\/v2\/pages\/35121\/revisions\/46517"}],"wp:attachment":[{"href":"https:\/\/pgedemo.innovatebyday.ca\/fr\/wp-json\/wp\/v2\/media?parent=35121"}],"curies":[{"name":"wp","href":"https:\/\/api.w.org\/{rel}","templated":true}]}}